{"id":2425,"date":"2024-06-28T17:35:13","date_gmt":"2024-06-28T14:35:13","guid":{"rendered":"https:\/\/www.sanctiongpt.com\/?page_id=2425"},"modified":"2024-09-06T12:14:30","modified_gmt":"2024-09-06T09:14:30","slug":"yaptirimli-sakincali-isim-taramasi-2","status":"publish","type":"page","link":"https:\/\/www.sanctiongpt.com\/index.php\/yaptirimli-sakincali-isim-taramasi-2\/","title":{"rendered":"Yapt\u0131r\u0131ml\u0131 Sak\u0131ncal\u0131 \u0130sim Taramas\u0131"},"content":{"rendered":"\t\t<div data-elementor-type=\"wp-page\" data-elementor-id=\"2425\" class=\"elementor elementor-2425\">\n\t\t\t\t<div class=\"elementor-element elementor-element-7a1c244 e-con-full e-flex e-con e-parent\" data-id=\"7a1c244\" data-element_type=\"container\" data-settings=\"{&quot;background_background&quot;:&quot;classic&quot;}\">\n\t\t\t\t<div class=\"elementor-element elementor-element-be3effb elementor-widget__width-initial elementor-widget-mobile__width-inherit elementor-widget elementor-widget-heading\" data-id=\"be3effb\" data-element_type=\"widget\" data-widget_type=\"heading.default\">\n\t\t\t\t<div class=\"elementor-widget-container\">\n\t\t\t<style>\/*! elementor - v3.23.0 - 25-07-2024 *\/\n.elementor-heading-title{padding:0;margin:0;line-height:1}.elementor-widget-heading .elementor-heading-title[class*=elementor-size-]>a{color:inherit;font-size:inherit;line-height:inherit}.elementor-widget-heading .elementor-heading-title.elementor-size-small{font-size:15px}.elementor-widget-heading .elementor-heading-title.elementor-size-medium{font-size:19px}.elementor-widget-heading .elementor-heading-title.elementor-size-large{font-size:29px}.elementor-widget-heading .elementor-heading-title.elementor-size-xl{font-size:39px}.elementor-widget-heading .elementor-heading-title.elementor-size-xxl{font-size:59px}<\/style><h2 class=\"elementor-heading-title elementor-size-default\">Yapt\u0131r\u0131ml\u0131 \u0130sim Taramas\u0131<\/h2>\t\t<\/div>\n\t\t\t\t<\/div>\n\t\t\t\t<\/div>\n\t\t<div class=\"elementor-element elementor-element-5140738 e-flex e-con-boxed e-con e-parent\" data-id=\"5140738\" data-element_type=\"container\" data-settings=\"{&quot;background_background&quot;:&quot;classic&quot;}\">\n\t\t\t\t\t<div class=\"e-con-inner\">\n\t\t<div class=\"elementor-element elementor-element-42dc812 e-flex e-con-boxed e-con e-child\" data-id=\"42dc812\" data-element_type=\"container\" data-settings=\"{&quot;background_background&quot;:&quot;classic&quot;}\">\n\t\t\t\t\t<div class=\"e-con-inner\">\n\t\t<div class=\"elementor-element elementor-element-a231d96 e-con-full e-flex e-con e-child\" data-id=\"a231d96\" data-element_type=\"container\">\n\t\t\t\t<div class=\"elementor-element elementor-element-4010111 elementor-widget elementor-widget-text-editor\" data-id=\"4010111\" data-element_type=\"widget\" data-widget_type=\"text-editor.default\">\n\t\t\t\t<div class=\"elementor-widget-container\">\n\t\t\t<style>\/*! elementor - v3.23.0 - 25-07-2024 *\/\n.elementor-widget-text-editor.elementor-drop-cap-view-stacked .elementor-drop-cap{background-color:#69727d;color:#fff}.elementor-widget-text-editor.elementor-drop-cap-view-framed .elementor-drop-cap{color:#69727d;border:3px solid;background-color:transparent}.elementor-widget-text-editor:not(.elementor-drop-cap-view-default) .elementor-drop-cap{margin-top:8px}.elementor-widget-text-editor:not(.elementor-drop-cap-view-default) .elementor-drop-cap-letter{width:1em;height:1em}.elementor-widget-text-editor .elementor-drop-cap{float:left;text-align:center;line-height:1;font-size:50px}.elementor-widget-text-editor .elementor-drop-cap-letter{display:inline-block}<\/style>\t\t\t\t<p>Yapt\u0131r\u0131ml\u0131 isim taramas\u0131, bir ki\u015fi veya kurulu\u015fun yasa d\u0131\u015f\u0131 faaliyetlerle ili\u015fkilendirilip<br \/>ili\u015fkilendirilmedi\u011fini belirlemek amac\u0131yla yap\u0131lan bir inceleme s\u00fcrecidir. Taramalar, yapt\u0131r\u0131m listeleri, ter\u00f6rist listeleri, mali su\u00e7larla ba\u011flant\u0131l\u0131 ki\u015fi ve kurulu\u015flar\u0131n listeleri vb datalar \u00fczeriden yap\u0131l\u0131r. Y\u00fck\u00fcml\u00fcler i\u00e7in yapt\u0131r\u0131ml\u0131 isim taramalar\u0131, g\u00fcvenlik ve itibar\u0131n korunmas\u0131nda kritik bir rol<br \/>oynar. Yapt\u0131r\u0131ml\u0131 isim taramalar\u0131, i\u015fletmelerin m\u00fc\u015fteri isimlerini tarayarak kara listeye al\u0131nm\u0131\u015f veya yasa d\u0131\u015f\u0131 konularla ba\u011flant\u0131l\u0131 ki\u015fileri tespit etmelerine yard\u0131mc\u0131 olur. Bu, yasal uyumu sa\u011flamak ve a\u011f\u0131r cezalardan ka\u00e7\u0131nmak i\u00e7in kritik \u00f6neme sahiptir.<\/p>\t\t\t\t\t\t<\/div>\n\t\t\t\t<\/div>\n\t\t<div class=\"elementor-element elementor-element-511d1a4 e-con-full e-flex e-con e-child\" data-id=\"511d1a4\" data-element_type=\"container\">\n\t\t\t\t<div class=\"elementor-element elementor-element-6bd91ac elementor-widget elementor-widget-text-editor\" data-id=\"6bd91ac\" data-element_type=\"widget\" data-widget_type=\"text-editor.default\">\n\t\t\t\t<div class=\"elementor-widget-container\">\n\t\t\t\t\t\t\t<p>Bununla birlikte, yapt\u0131r\u0131ml\u0131 isimlerle farkl\u0131nda olunmasa bile i\u015f ili\u015fkisi kurmak, bu \u015fah\u0131slarla ili\u015fkilendirilmek, bir i\u015fletmenin itibar\u0131na zarar verebilir ve m\u00fc\u015fterilerin g\u00fcvenini sarsabilir. Yapt\u0131r\u0131ml\u0131 isim taramalar\u0131, i\u015fletmelerin \u015f\u00fcpheli veya k\u00f6t\u00fc niyetli ki\u015filerle i\u015f yapmalar\u0131n\u0131 \u00f6nleyerek itibarlar\u0131n\u0131 korumalar\u0131na yard\u0131mc\u0131 olur. Bu, m\u00fc\u015fteri g\u00fcvenini art\u0131r\u0131r ve uzun vadeli i\u015f ili\u015fkilerini sa\u011flamla\u015ft\u0131r\u0131r.<\/p><p>Ayr\u0131ca, doland\u0131r\u0131c\u0131l\u0131k veya sahtecilik gibi durumlar, ciddi finansal kay\u0131plara yol a\u00e7abilir. Yapt\u0131r\u0131ml\u0131 isim taramalar\u0131, potansiyel riskleri erken tespit ederek i\u015fletmelerin bu ba\u011flamda mali a\u00e7\u0131dan g\u00fcvende kalmas\u0131n\u0131 sa\u011flar. \u00d6zellikle, b\u00fcy\u00fck miktarda para veya de\u011ferli malzeme ile ilgili i\u015flemler yap\u0131lan durumlarda, m\u00fc\u015fteri isimlerinin taranmas\u0131 \u00f6nemli bir \u00f6nleyici tedbirdir.<\/p><p>Sonu\u00e7 olarak yapt\u0131r\u0131ml\u0131 isim taramalar\u0131, hem yasal uyum hem de g\u00fcvenlik a\u00e7\u0131s\u0131ndan b\u00fcy\u00fck \u00f6nem ta\u015f\u0131r. Bu taramalar, i\u015fletmelerin mali riskleri azaltmas\u0131na, itibarlar\u0131n\u0131 korumas\u0131na vem\u00fc\u015fteri g\u00fcvenli\u011fini sa\u011flamas\u0131na yard\u0131mc\u0131 olur. Bu nedenle, i\u015fletmelerin yapt\u0131r\u0131ml\u0131 isimtaramalar\u0131n\u0131 d\u00fczenli olarak yapmalar\u0131 ve bu s\u00fcre\u00e7leri titizlikle takip etmeleri, g\u00fcvenli ve itibarl\u0131 bir \u015fekilde faaliyet g\u00f6stermelerine yard\u0131mc\u0131 olur.<\/p>\t\t\t\t\t\t<\/div>\n\t\t\t\t<\/div>\n\t\t\t\t<\/div>\n\t\t\t\t<\/div>\n\t\t<div class=\"elementor-element elementor-element-1f3ea90 e-con-full e-flex e-con e-child\" data-id=\"1f3ea90\" data-element_type=\"container\">\n\t\t<div class=\"elementor-element elementor-element-67c17c0 e-flex e-con-boxed e-con e-child\" data-id=\"67c17c0\" data-element_type=\"container\">\n\t\t\t\t\t<div class=\"e-con-inner\">\n\t\t\t\t<div class=\"elementor-element elementor-element-1a42a8c elementor-widget elementor-widget-image\" data-id=\"1a42a8c\" data-element_type=\"widget\" data-widget_type=\"image.default\">\n\t\t\t\t<div class=\"elementor-widget-container\">\n\t\t\t<style>\/*! elementor - v3.23.0 - 25-07-2024 *\/\n.elementor-widget-image{text-align:center}.elementor-widget-image a{display:inline-block}.elementor-widget-image a img[src$=\".svg\"]{width:48px}.elementor-widget-image img{vertical-align:middle;display:inline-block}<\/style>\t\t\t\t\t\t\t\t\t\t<img fetchpriority=\"high\" decoding=\"async\" width=\"1920\" height=\"2560\" src=\"https:\/\/www.sanctiongpt.com\/wp-content\/uploads\/2024\/09\/Yaptirimli_Isim_Taramasi-scaled.jpg\" class=\"attachment-full size-full wp-image-2689\" alt=\"\" srcset=\"https:\/\/www.sanctiongpt.com\/wp-content\/uploads\/2024\/09\/Yaptirimli_Isim_Taramasi-scaled.jpg 1920w, https:\/\/www.sanctiongpt.com\/wp-content\/uploads\/2024\/09\/Yaptirimli_Isim_Taramasi-225x300.jpg 225w, https:\/\/www.sanctiongpt.com\/wp-content\/uploads\/2024\/09\/Yaptirimli_Isim_Taramasi-768x1024.jpg 768w, https:\/\/www.sanctiongpt.com\/wp-content\/uploads\/2024\/09\/Yaptirimli_Isim_Taramasi-1152x1536.jpg 1152w, https:\/\/www.sanctiongpt.com\/wp-content\/uploads\/2024\/09\/Yaptirimli_Isim_Taramasi-1536x2048.jpg 1536w\" sizes=\"(max-width: 1920px) 100vw, 1920px\" \/>\t\t\t\t\t\t\t\t\t\t\t\t\t<\/div>\n\t\t\t\t<\/div>\n\t\t\t\t\t<\/div>\n\t\t\t\t<\/div>\n\t\t\t\t<\/div>\n\t\t\t\t\t<\/div>\n\t\t\t\t<\/div>\n\t\t\t\t\t<\/div>\n\t\t\t\t<\/div>\n\t\t\t\t<\/div>\n\t\t","protected":false},"excerpt":{"rendered":"<p>Yapt\u0131r\u0131ml\u0131 \u0130sim Taramas\u0131 Yapt\u0131r\u0131ml\u0131 isim taramas\u0131, bir ki\u015fi veya kurulu\u015fun yasa d\u0131\u015f\u0131 faaliyetlerle ili\u015fkilendirilipili\u015fkilendirilmedi\u011fini belirlemek amac\u0131yla yap\u0131lan bir inceleme s\u00fcrecidir. Taramalar, yapt\u0131r\u0131m listeleri, ter\u00f6rist listeleri, mali su\u00e7larla ba\u011flant\u0131l\u0131 ki\u015fi ve kurulu\u015flar\u0131n listeleri vb datalar \u00fczeriden yap\u0131l\u0131r. Y\u00fck\u00fcml\u00fcler i\u00e7in yapt\u0131r\u0131ml\u0131 isim taramalar\u0131, g\u00fcvenlik ve itibar\u0131n korunmas\u0131nda kritik bir roloynar. Yapt\u0131r\u0131ml\u0131 isim taramalar\u0131, i\u015fletmelerin m\u00fc\u015fteri isimlerini tarayarak [&hellip;]<\/p>\n","protected":false},"author":3,"featured_media":0,"parent":0,"menu_order":0,"comment_status":"closed","ping_status":"closed","template":"","meta":{"footnotes":""},"class_list":["post-2425","page","type-page","status-publish","hentry"],"blocksy_meta":{"styles_descriptor":{"styles":{"desktop":"","tablet":"","mobile":""},"google_fonts":[],"version":6},"page_title_panel":"","has_hero_section":"disabled","54e3e782743212c86bd72772a65ad834":"","hero_section":"type-1","hero_elements":[{"id":"custom_title","enabled":false,"heading_tag":"h1","title":"Home","__id":"W29ARGquUmUcufaIOZ-Et"},{"id":"custom_description","enabled":true,"description_visibility":{"desktop":true,"tablet":true,"mobile":false},"__id":"dSGim1zjrHWKarpJVQ4d-"},{"id":"custom_meta","enabled":false,"meta_elements":[{"id":"author","enabled":true,"label":"By","has_author_avatar":"yes","avatar_size":25},{"id":"post_date","enabled":true,"label":"On","date_format_source":"default","date_format":"M j, Y"},{"id":"updated_date","enabled":false,"label":"On","date_format_source":"default","date_format":"M j, Y"},{"id":"categories","enabled":false,"label":"In","style":"simple"},{"id":"comments","enabled":true}],"page_meta_elements":{"joined":true,"articles_count":true,"comments":true},"__id":"kEXtA9QPuFyh14VCS_EkH"},{"id":"breadcrumbs","enabled":false,"__id":"k8b1W5lw56EG_yGPA_xVu"}],"18da79554178a1d4308110d7f3ab9cb6":"","hero_alignment1":"CT_CSS_SKIP_RULE","hero_margin":40,"hero_alignment2":"center","hero_vertical_alignment":"center","dbf5b8e1860399eeba62bc1beb060b3d":"","hero_structure":"narrow","09e58e37f0296477f24277e88a79eff4":"","page_title_bg_type":"featured_image","custom_hero_background":{"attachment_id":null},"page_title_image_size":"full","parallax":{"desktop":false,"tablet":false,"mobile":false},"cb42620d1181dab677965a3678c8446a":"","hero_height":"250px","pageTitleFont":{"family":"Default","variation":"Default","size":"30px","line-height":"CT_CSS_SKIP_RULE","letter-spacing":"CT_CSS_SKIP_RULE","text-transform":"CT_CSS_SKIP_RULE","text-decoration":"CT_CSS_SKIP_RULE"},"pageTitleFontColor":{"default":{"color":"CT_CSS_SKIP_RULEDEFAULT"}},"pageMetaFont":{"family":"Default","variation":"n6","size":"12px","line-height":"1.3","letter-spacing":"CT_CSS_SKIP_RULE","text-transform":"uppercase","text-decoration":"CT_CSS_SKIP_RULE"},"pageMetaFontColor":{"default":{"color":"CT_CSS_SKIP_RULEDEFAULT"},"hover":{"color":"CT_CSS_SKIP_RULEDEFAULT"}},"page_meta_button_type_font_colors":{"default":{"color":"CT_CSS_SKIP_RULEDEFAULT"},"hover":{"color":"CT_CSS_SKIP_RULEDEFAULT"}},"page_meta_button_type_background_colors":{"default":{"color":"CT_CSS_SKIP_RULEDEFAULT"},"hover":{"color":"CT_CSS_SKIP_RULEDEFAULT"}},"pageExcerptFont":{"family":"Default","variation":"Default","size":"CT_CSS_SKIP_RULE","line-height":"CT_CSS_SKIP_RULE","letter-spacing":"CT_CSS_SKIP_RULE","text-transform":"CT_CSS_SKIP_RULE","text-decoration":"CT_CSS_SKIP_RULE"},"pageExcerptColor":{"default":{"color":"CT_CSS_SKIP_RULEDEFAULT"}},"breadcrumbsFont":{"family":"Default","variation":"Default","size":"CT_CSS_SKIP_RULE","line-height":"CT_CSS_SKIP_RULE","letter-spacing":"CT_CSS_SKIP_RULE","text-transform":"CT_CSS_SKIP_RULE","text-decoration":"CT_CSS_SKIP_RULE"},"breadcrumbsFontColor":{"default":{"color":"CT_CSS_SKIP_RULEDEFAULT"},"initial":{"color":"CT_CSS_SKIP_RULEDEFAULT"},"hover":{"color":"CT_CSS_SKIP_RULEDEFAULT"}},"pageTitleOverlay":{"background_type":"color","background_pattern":"type-1","background_image":{"attachment_id":null,"x":0,"y":0},"gradient":"linear-gradient(135deg,rgba(6,147,227,1) 0%,rgb(155,81,224) 100%)","background_repeat":"repeat","background_size":"auto","background_attachment":"scroll","patternColor":{"default":{"color":"#e5e7ea"}},"overlayColor":{"default":{"color":"CT_CSS_SKIP_RULE"}},"backgroundColor":{"default":{"color":"CT_CSS_SKIP_RULE"}}},"pageTitleBackground":{"background_type":"color","background_pattern":"type-1","background_image":{"attachment_id":null,"x":0,"y":0},"gradient":"linear-gradient(135deg,rgba(6,147,227,1) 0%,rgb(155,81,224) 100%)","background_repeat":"repeat","background_size":"auto","background_attachment":"scroll","patternColor":{"default":{"color":"#e5e7ea"}},"overlayColor":{"default":{"color":"CT_CSS_SKIP_RULE"}},"backgroundColor":{"default":{"color":"var(--theme-palette-color-6)"}}},"pageTitlePadding":{"top":"50px","bottom":"50px","left":"auto","right":"auto","linked":true},"a0be8fb8055cfa2445cc2dad1caf71f0":"","page_structure_type":"default","db449d33bf95b7d374912e6fcffea82c":"","content_style_source":"inherit","content_style":"wide","vertical_spacing_source":"custom","content_area_spacing":"none","background":{"background_type":"color","background_pattern":"type-1","background_image":{"attachment_id":null,"x":0,"y":0},"gradient":"linear-gradient(135deg,rgba(6,147,227,1) 0%,rgb(155,81,224) 100%)","background_repeat":"repeat","background_size":"auto","background_attachment":"scroll","patternColor":{"default":{"color":"#e5e7ea"}},"overlayColor":{"default":{"color":"CT_CSS_SKIP_RULE"}},"backgroundColor":{"default":{"color":"CT_CSS_SKIP_RULE"}}},"content_background":{"background_type":"color","background_pattern":"type-1","background_image":{"attachment_id":null,"x":0,"y":0},"gradient":"linear-gradient(135deg,rgba(6,147,227,1) 0%,rgb(155,81,224) 100%)","background_repeat":"repeat","background_size":"auto","background_attachment":"scroll","patternColor":{"default":{"color":"#e5e7ea"}},"overlayColor":{"default":{"color":"CT_CSS_SKIP_RULE"}},"backgroundColor":{"default":{"color":"var(--theme-palette-color-8)"}}},"content_boxed_shadow":{"inherit":false,"blur":18,"spread":-6,"v_offset":12,"h_offset":0,"inset":false,"enable":true,"color":{"color":"rgba(34, 56, 101, 0.04)"}},"content_boxed_border":{"width":1,"style":"none","color":{"color":"rgba(44,62,80,0.2)"}},"content_boxed_radius":{"top":"3px","bottom":"3px","left":"3px","right":"3px","linked":true},"boxed_content_spacing":{"desktop":{"top":"40px","bottom":"40px","left":"40px","right":"40px","linked":true},"tablet":{"top":"35px","bottom":"35px","left":"35px","right":"35px","linked":true},"mobile":{"top":"20px","bottom":"20px","left":"20px","right":"20px","linked":true}},"46dff334b1af8946ca594935cd67b5af":"","disable_featured_image":"no","disable_share_box":"no","disable_header":"no","disable_footer":"no","b0f745439c257854d756699e01436585":"","f5a6b74b2f4caeda61dbda379f367624":"","f20906bd44ec99493ad0a4e298e16034":"","b9dc48eb0bd2ca22595b8cef5b0e513a":"","7023308919ad37cb83b33b2e61d0aaaa":"","61e1b11cca9658b0f00762854131921a":"","c0fddd0f4289ba59e888649169fd969f":"","c5f2b7a1bb018fa6c7bd14fa9d0561f9":""},"jetpack_sharing_enabled":true,"_links":{"self":[{"href":"https:\/\/www.sanctiongpt.com\/index.php\/wp-json\/wp\/v2\/pages\/2425","targetHints":{"allow":["GET"]}}],"collection":[{"href":"https:\/\/www.sanctiongpt.com\/index.php\/wp-json\/wp\/v2\/pages"}],"about":[{"href":"https:\/\/www.sanctiongpt.com\/index.php\/wp-json\/wp\/v2\/types\/page"}],"author":[{"embeddable":true,"href":"https:\/\/www.sanctiongpt.com\/index.php\/wp-json\/wp\/v2\/users\/3"}],"replies":[{"embeddable":true,"href":"https:\/\/www.sanctiongpt.com\/index.php\/wp-json\/wp\/v2\/comments?post=2425"}],"version-history":[{"count":27,"href":"https:\/\/www.sanctiongpt.com\/index.php\/wp-json\/wp\/v2\/pages\/2425\/revisions"}],"predecessor-version":[{"id":2808,"href":"https:\/\/www.sanctiongpt.com\/index.php\/wp-json\/wp\/v2\/pages\/2425\/revisions\/2808"}],"wp:attachment":[{"href":"https:\/\/www.sanctiongpt.com\/index.php\/wp-json\/wp\/v2\/media?parent=2425"}],"curies":[{"name":"wp","href":"https:\/\/api.w.org\/{rel}","templated":true}]}}